{"id":791,"date":"2019-05-18T11:59:18","date_gmt":"2019-05-18T11:59:18","guid":{"rendered":"http:\/\/thorsten-beermann.com\/?page_id=791"},"modified":"2019-05-19T07:47:00","modified_gmt":"2019-05-19T07:47:00","slug":"impressum-datenschutz","status":"publish","type":"page","link":"https:\/\/www.thorsten-beermann.com\/?page_id=791","title":{"rendered":"Impressum &#038; Datenschutz"},"content":{"rendered":"\n<h2 class=\"wp-block-heading\">Impressum<\/h2>\n\n\n\n<p>Thorsten Beermann<br> Zum Br\u00f6keland 4b<br> D-48336 Sassenberg<br><br> E-Mail: info[at]thorsten-beermann.com <\/p>\n\n\n\n<p><strong>Verantwortlich f\u00fcr den Inhalt<\/strong> (gem. \u00a7 55 Abs. 2 RStV):<br>Thorsten Beermann<\/p>\n\n\n\n<p><\/p>\n\n\n\n<h2 class=\"wp-block-heading\">Datenschutz<\/h2>\n\n\n\n<p>Die folgende Datenschutzerkl\u00e4rung gilt f\u00fcr die Seite Thorsten-Beermann.com. Der Blog &#8222;Workingman&#8217;s Death&#8220; nutzt die WordPress-Infrastruktur. Es gelten die dortigen Datenschutzbestimmungen.<\/p>\n\n\n\n<p>Wir informieren Sie nachfolgend gem\u00e4\u00df den gesetzlichen\nVorgaben des Datenschutzrechts (insb. gem\u00e4\u00df BDSG n.F. und der europ\u00e4ischen\nDatenschutz-Grundverordnung \u201aDS-GVO\u2018) \u00fcber die Art, den Umfang und Zweck der\nVerarbeitung personenbezogener Daten durch unser Unternehmen.&nbsp;Diese\nDatenschutzerkl\u00e4rung gilt auch f\u00fcr unsere Websites und Sozial-Media-Profile.\nBez\u00fcglich der Definition von Begriffen wie etwa \u201epersonenbezogene Daten\u201c oder\n\u201eVerarbeitung\u201c verweisen wir auf Art. 4 DS-GVO.<\/p>\n\n\n\n<p><strong>Name und Kontaktdaten des Verantwortlichen<\/strong>&nbsp;<br>\nUnser Verantwortlicher (nachfolgend \u201eVerantwortlicher\u201c) i.S.d. Art. 4 Zif. 7\nDS-GVO ist:&nbsp;<br>\n<br>\nThorsten Beermann&nbsp;<br>\nZum Br\u00f6keland 4b&nbsp;<br>\n48336 Sassenberg&nbsp;<br>\n<br>\nE-Mail-Adresse: info[at]thorsten-beermann.com&nbsp;<br>\n<br>\n<strong>Datenarten, Zwecke der Verarbeitung und Kategorien betroffener Personen<\/strong><\/p>\n\n\n\n<p>Nachfolgend informieren wir Sie \u00fcber\nArt, Umfang und Zweck der Erhebung, Verarbeitung und Nutzung personenbezogener\nDaten<\/p>\n\n\n\n<p><br>\n<strong>1. Arten der Daten, die wir verarbeiten<\/strong>&nbsp;<br>\n&#8211;&nbsp;<br>\n<strong>2. Zwecke der Verarbeitung nach Art. 13 Abs. 1 c) DS-GVO<\/strong>&nbsp;<br>\n&#8211;<br>\n<strong>3. Kategorien der betroffenen Personen nach Art. 13 Abs. 1 e) DS-GVO<\/strong>&nbsp;<br>\n&#8211;&nbsp;<br>\nDie betroffenen Personen werden zusammenfassend als \u201eNutzer\u201c bezeichnet.&nbsp;<br>\n<br>\n<br>\n<strong>Rechtsgrundlagen der Verarbeitung personenbezogener Daten<\/strong><\/p>\n\n\n\n<p>Nachfolgend Informieren wir Sie \u00fcber die\nRechtsgrundlagen der Verarbeitung personenbezogener Daten:<\/p>\n\n\n\n<ol class=\"wp-block-list\"><li>Wenn wir Ihre Einwilligung f\u00fcr die Verarbeitung\npersonenbezogenen Daten eingeholt haben, ist Art. 6 Abs. 1 S. 1 lit. a) DS-GVO\nRechtsgrundlage.<\/li><li>Ist die Verarbeitung zur Erf\u00fcllung eines Vertrags oder\nzur Durchf\u00fchrung vorvertraglicher Ma\u00dfnahmen erforderlich, die auf Ihre Anfrage\nhin erfolgen, so ist Art. 6 Abs. 1 S. 1 lit. b) DS-GVO Rechtsgrundlage.<\/li><li>Ist die Verarbeitung zur Erf\u00fcllung einer rechtlichen\nVerpflichtung erforderlich, der wir unterliegen (z.B. gesetzliche\nAufbewahrungspflichten), so ist Art. 6 Abs. 1 S. 1 lit. c) DS-GVO\nRechtsgrundlage.<\/li><li>Ist die Verarbeitung erforderlich, um lebenswichtige\nInteressen der betroffenen Person oder einer anderen nat\u00fcrlichen Person zu\nsch\u00fctzen, so ist Art. 6 Abs. 1 S. 1 lit. d) DS-GVO Rechtsgrundlage.<\/li><li>Ist die Verarbeitung zur Wahrung unserer oder der\nberechtigten Interessen eines Dritten erforderlich und \u00fcberwiegen diesbez\u00fcglich\nIhre Interessen oder Grundrechte und Grundfreiheiten nicht, so ist Art. 6 Abs.\n1 S. 1 lit. f) DS-GVO Rechtsgrundlage.<\/li><\/ol>\n\n\n\n<p><strong>Weitergabe personenbezogener Daten an\nDritte und Auftragsverarbeiter<\/strong><\/p>\n\n\n\n<p>Ohne Ihre\nEinwilligung geben wir grunds\u00e4tzlich keine Daten an Dritte weiter. Sollte dies\ndoch der Fall sein, dann erfolgt die Weitergabe auf der Grundlage der zuvor\ngenannten Rechtsgrundlagen z.B. wegen einer gesetzlichen Verpflichtung zur\nHerausgabe der Daten zum Zwecke der Strafverfolgung, zur Gefahrenabwehr oder\nzur Durchsetzung der Rechte am geistigen Eigentum. Wir setzen zudem\nAuftragsverarbeiter (externe Dienstleister z.B. zum Webhosting unserer Websites\nund Datenbanken) zur Verarbeitung Ihrer Daten ein. Wenn im Rahmen einer\nVereinbarung zur Auftragsverarbeitung an die Auftragsverarbeiter Daten\nweitergegeben werden, erfolgt dies immer nach Art. 28 DS-GVO. Wir w\u00e4hlen dabei\nunsere Auftragsverarbeiter sorgf\u00e4ltig aus, kontrollieren diese regelm\u00e4\u00dfig und\nhaben uns ein Weisungsrecht hinsichtlich der Daten einr\u00e4umen lassen. Zudem\nm\u00fcssen die Auftragsverarbeiter geeignete technische und organisatorische\nMa\u00dfnahmen getroffen haben und die Datenschutzvorschriften gem. BDSG n.F. und\nDS-GVO einhalten<br>\n<br>\n<strong>Daten\u00fcbermittlung in Drittstaaten<\/strong><\/p>\n\n\n\n<p>Durch die Verabschiedung der\neurop\u00e4ischen Datenschutz-Grundverordnung (DS-GVO) wurde eine einheitliche\nGrundlage f\u00fcr den Datenschutz in Europa geschaffen. Ihre Daten werden daher\nvorwiegend durch Unternehmen verarbeitet, f\u00fcr die DS-GVO Anwendung findet.\nSollte doch die Verarbeitung durch Dienste Dritter au\u00dferhalb der Europ\u00e4ischen\nUnion oder des Europ\u00e4ischen Wirtschaftsraums stattfinden, so m\u00fcssen diese die\nbesonderen Voraussetzungen der Art. 44 ff. DS-GVO erf\u00fcllen. Das bedeutet, die\nVerarbeitung erfolgt aufgrund besonderer Garantien, wie etwa die von der\nEU-Kommission offiziell anerkannte Feststellung eines der EU entsprechenden\nDatenschutzniveaus oder der Beachtung offiziell anerkannter spezieller\nvertraglicher Verpflichtungen, der so genannten \u201eStandardvertragsklauseln\u201c. Bei\nUS-Unternehmen erf\u00fcllt die Unterwerfung unter das sog. \u201ePrivacy-Shield\u201c, dem\nDatenschutzabkommen zwischen der EU und den USA, diese Voraussetzungen.<\/p>\n\n\n\n<p><strong>L\u00f6schung von Daten und Speicherdauer<\/strong><\/p>\n\n\n\n<p>Sofern nicht in dieser Datenschutzerkl\u00e4rung\nausdr\u00fccklich angegeben, werden Ihre personenbezogen Daten gel\u00f6scht oder\ngesperrt, sobald der Zweck f\u00fcr die Speicherung entf\u00e4llt, es sei denn deren\nweitere Aufbewahrung ist zu Beweiszwecken erforderlich oder dem stehen\ngesetzliche Aufbewahrungspflichten entgegenstehen. Darunter fallen etwa\nhandelsrechtliche Aufbewahrungspflichten von Gesch\u00e4ftsbriefen nach \u00a7 257 Abs. 1\nHGB (6 Jahre) sowie steuerrechtliche Aufbewahrungspflichten nach \u00a7 147 Abs. 1\nAO von Belegen (10 Jahre). Wenn die vorgeschriebene Aufbewahrungsfrist abl\u00e4uft,\nerfolgt eine Sperrung oder L\u00f6schung Ihrer Daten, es sei denn die Speicherung\nist weiterhin f\u00fcr einen Vertragsabschluss oder zur Vertragserf\u00fcllung\nerforderlich.<\/p>\n\n\n\n<p><strong>Bestehen einer automatisierten\nEntscheidungsfindung<\/strong><\/p>\n\n\n\n<p>Wir setzen keine automatische\nEntscheidungsfindung oder ein Profiling ein.<\/p>\n\n\n\n<p><strong>Bereitstellung unserer Website und\nErstellung von Logfiles<\/strong><\/p>\n\n\n\n<p>Wenn Sie unsere Webseite lediglich informatorisch nutzen\n(also keine Registrierung und auch keine anderweitige \u00dcbermittlung von\nInformationen), erheben wir nur die personenbezogenen Daten, die Ihr Browser an\nunseren Server \u00fcbermittelt. Wenn Sie unsere Website betrachten m\u00f6chten, erheben\nwir die folgenden Daten:<\/p>\n\n\n\n<p>Wenn Sie unsere Webseite lediglich informatorisch nutzen\n(also keine Registrierung und auch keine anderweitige \u00dcbermittlung von\nInformationen), erheben wir nur die personenbezogenen Daten, die Ihr Browser an\nunseren Server \u00fcbermittelt. Wenn Sie unsere Website betrachten m\u00f6chten, erheben\nwir die folgenden Daten:<\/p>\n\n\n\n<p>Rechtsgrundlage hierf\u00fcr ist unser in den obigen Zwecken auch\nliegendes berechtigtes Interesse an der Datenverarbeitung nach Art. 6 Abs. 1\nS.1 lit. f) DS-GVO.<\/p>\n\n\n\n<p>Wir speichern aus Sicherheitsgr\u00fcnden diese Daten in\nServer-Logfiles f\u00fcr die Speicherdauer von 30 Tagen. Nach Ablauf dieser Frist\nwerden diese automatisch gel\u00f6scht, es sei denn wir ben\u00f6tigen deren Aufbewahrung\nzu Beweiszwecken bei Angriffen auf die Serverinfrastruktur oder anderen\nRechtsverletzungen.<\/p>\n\n\n\n<p>Kontaktaufnahme per Kontaktformular \/ E-Mail \/ Fax \/ Post<\/p>\n\n\n\n<p>Bei der Kontaktaufnahme mit uns per Kontaktformular, Fax,\nPost oder E-Mail werden Ihre Angaben zum Zwecke der Abwicklung der\nKontaktanfrage verarbeitet.<\/p>\n\n\n\n<p>Rechtsgrundlage f\u00fcr die Verarbeitung der Daten ist bei\nVorliegen einer Einwilligung von Ihnen Art. 6 Abs. 1 S. 1 lit. a) DS-GVO.\nRechtsgrundlage f\u00fcr die Verarbeitung der Daten, die im Zuge einer\nKontaktanfrage oder E-Mail, eines Briefes oder Faxes \u00fcbermittelt werden, ist\nArt. 6 Abs. 1 S. 1 lit. f) DS-GVO. Der Verantwortliche hat ein berechtigtes\nInteresse an der Verarbeitung und Speicherung der Daten, um Anfragen der Nutzer\nbeantworten zu k\u00f6nnen, zur Beweissicherung aus Haftungsgr\u00fcnden und um ggf.\nseiner gesetzlichen Aufbewahrungspflichten bei Gesch\u00e4ftsbriefen nachkommen zu\nk\u00f6nnen. Zielt der Kontakt auf den Abschluss eines Vertrages ab, so ist\nzus\u00e4tzliche Rechtsgrundlage f\u00fcr die Verarbeitung Art. 6 Abs. 1 S. 1 lit. b)\nDS-GVO.<\/p>\n\n\n\n<p>Wir k\u00f6nnen Ihre Angaben und Kontaktanfrage in unserem\nCustomer-Relationship-Management System (&#8222;CRM System&#8220;) oder einem\nvergleichbaren System speichern.<\/p>\n\n\n\n<p>Die Daten werden gel\u00f6scht, sobald sie f\u00fcr die Erreichung des\nZweckes ihrer Erhebung nicht mehr erforderlich sind. F\u00fcr die personenbezogenen\nDaten aus der Eingabemaske des Kontaktformulars und diejenigen, die per E-Mail\n\u00fcbersandt wurden, ist dies dann der Fall, wenn die jeweilige Konversation mit\nIhnen beendet ist. Beendet ist die Konversation dann, wenn sich aus den\nUmst\u00e4nden entnehmen l\u00e4sst, dass der betroffene Sachverhalt abschlie\u00dfend gekl\u00e4rt\nist. Anfragen von Nutzern, die \u00fcber einen Account bzw. Vertrag mit uns\nverf\u00fcgen, speichern wir bis zum Ablauf von zwei Jahren nach Vertragsbeendigung.\nIm Fall von gesetzlichen Archivierungspflichten erfolgt die L\u00f6schung nach deren\nAblauf: Ende handelsrechtlicher (6 Jahre) und steuerrechtlicher (10 Jahre)\nAufbewahrungspflicht.<\/p>\n\n\n\n<p>Sie haben jederzeit die M\u00f6glichkeit, die Einwilligung nach\nArt. 6 Abs. 1 S. 1 lit. a) DS-GVO zur Verarbeitung der personenbezogenen Daten\nzu widerrufen. Nehmen Sie per E-Mail Kontakt mit uns auf, so k\u00f6nnen Sie der\nSpeicherung der personenbezogenen Daten jederzeit widersprechen.<\/p>\n\n\n\n<p><strong>Rechte der betroffenen Person<\/strong><\/p>\n\n\n\n<p>Widerspruch oder Widerruf gegen die Verarbeitung Ihrer Daten Soweit die Verarbeitung auf Ihrer Einwilligung gem\u00e4\u00df Art. 6 Abs. 1 S. 1 lit. a), Art. 7 DS-GVO beruht, haben Sie das Recht, die Einwilligung jederzeit zu widerrufen. Die Rechtm\u00e4\u00dfigkeit der aufgrund der Einwilligung bis zum Widerruf erfolgten Verarbeitung wird dadurch nicht ber\u00fchrt. Soweit wir die Verarbeitung Ihrer personenbezogenen Daten auf die Interessenabw\u00e4gung gem\u00e4\u00df Art. 6 Abs. 1 S. 1 lit. f) DS-GVO st\u00fctzen, k\u00f6nnen Sie Widerspruch gegen die Verarbeitung einlegen. Dies ist der Fall, wenn die Verarbeitung insbesondere nicht zur Erf\u00fcllung eines Vertrags mit Ihnen erforderlich ist, was von uns jeweils bei der nachfolgenden Beschreibung der Funktionen dargestellt wird. Bei Aus\u00fcbung eines solchen Widerspruchs bitten wir um Darlegung der Gr\u00fcnde, weshalb wir Ihre personenbezogenen Daten nicht wie von uns durchgef\u00fchrt verarbeiten sollten. Im Falle Ihres begr\u00fcndeten Widerspruchs pr\u00fcfen wir die Sachlage und werden entweder die Datenverarbeitung einstellen bzw. anpassen oder Ihnen unsere zwingenden schutzw\u00fcrdigen Gr\u00fcnde aufzeigen, aufgrund derer wir die Verarbeitung fortf\u00fchren. Sie k\u00f6nnen der Verarbeitung Ihrer personenbezogenen Daten f\u00fcr Zwecke der Werbung und Datenanalyse jederzeit widersprechen. Das Widerspruchsrecht k\u00f6nnen Sie kostenfrei aus\u00fcben. \u00dcber Ihren Werbewiderspruch k\u00f6nnen Sie uns unter folgenden Kontaktdaten unseres Datenschutzbeauftragten informieren:<\/p>\n\n\n\n<p>Recht auf Auskunft Sie haben das Recht, von uns eine\nBest\u00e4tigung dar\u00fcber zu verlangen, ob Sie betreffende personenbezogene Daten\nverarbeitet werden. Sofern dies der Fall ist, haben Sie ein Recht auf Auskunft\n\u00fcber Ihre bei uns gespeicherten pers\u00f6nlichen Daten nach Art. 15 DS-GVO. Dies\nbeinhaltet insbesondere die Auskunft \u00fcber die Verarbeitungszwecke, die\nKategorie der personenbezogenen Daten, die Kategorien von Empf\u00e4ngern, gegen\u00fcber\ndenen Ihre Daten offengelegt wurden oder werden, die geplante Speicherdauer,\ndie Herkunft ihrer Daten, sofern diese nicht direkt bei Ihnen erhoben wurden.<\/p>\n\n\n\n<p>Recht auf Berichtigung Sie haben ein Recht auf Berichtigung\nunrichtiger oder auf Vervollst\u00e4ndigung richtiger Daten nach Art. 16 DS-GVO.<\/p>\n\n\n\n<p>Recht auf L\u00f6schung Sie haben ein Recht auf L\u00f6schung Ihrer\nbei uns gespeicherten Daten nach Art. 17 DS-GVO, es sei denn gesetzliche oder\nvertraglichen Aufbewahrungsfristen oder andere gesetzliche Pflichten bzw.\nRechte zur weiteren Speicherung stehen dieser entgegen.<\/p>\n\n\n\n<p>Recht auf Einschr\u00e4nkung Sie haben das Recht, eine\nEinschr\u00e4nkung bei der Verarbeitung Ihrer personenbezogenen Daten zu verlangen,\nwenn eine der Voraussetzungen in Art. 18 Abs. 1 lit. a) bis d) DS-GVO erf\u00fcllt\nist:<br>\n&nbsp;\u2022 Wenn Sie die Richtigkeit der Sie\nbetreffenden personenbezogenen f\u00fcr eine Dauer bestreiten, die es dem\nVerantwortlichen erm\u00f6glicht, die Richtigkeit der personenbezogenen Daten zu\n\u00fcberpr\u00fcfen; <br>\n\u2022 die Verarbeitung unrechtm\u00e4\u00dfig ist und Sie die L\u00f6schung der personenbezogenen\nDaten ablehnen und stattdessen die Einschr\u00e4nkung der Nutzung der\npersonenbezogenen Daten verlangen; <br>\n\u2022 der Verantwortliche die personenbezogenen Daten f\u00fcr die Zwecke der\nVerarbeitung nicht l\u00e4nger ben\u00f6tigt, Sie diese jedoch zur Geltendmachung,\nAus\u00fcbung oder Verteidigung von Rechtsanspr\u00fcchen ben\u00f6tigen, oder <br>\n\u2022 wenn Sie Widerspruch gegen die Verarbeitung gem\u00e4\u00df Art. 21 Abs. 1 DS-GVO\neingelegt haben und noch nicht feststeht, ob die berechtigten Gr\u00fcnde des\nVerantwortlichen gegen\u00fcber Ihren Gr\u00fcnden \u00fcberwiegen.<\/p>\n\n\n\n<p>Recht auf Daten\u00fcbertragbarkeit Sie haben ein Recht auf\nDaten\u00fcbertragbarkeit nach Art. 20 DS-GVO, was bedeutet, dass Sie die bei uns\n\u00fcber Sie gespeicherten personenbezogenen Daten in einem strukturierten,\ng\u00e4ngigen und maschinenlesbaren Format erhalten k\u00f6nnen oder die \u00dcbermittlung an\neinen anderen Verantwortlichen verlangen k\u00f6nnen.<\/p>\n\n\n\n<p>Recht auf Beschwerde Sie haben ein Recht auf Beschwerde bei\neiner Aufsichtsbeh\u00f6rde. In der Regel k\u00f6nnen Sie sich hierf\u00fcr an die\nAufsichtsbeh\u00f6rde insbesondere in dem Mitgliedstaat ihres Aufenthaltsorts, ihres\nArbeitsplatzes oder des Orts des mutma\u00dflichen Versto\u00dfes wenden.<\/p>\n\n\n\n<p><strong>Datensicherheit<\/strong><\/p>\n\n\n\n<p>Um alle personenbezogen Daten, die an uns \u00fcbermittelt\nwerden, zu sch\u00fctzen und um sicherzustellen, dass die Datenschutzvorschriften\nvon uns, aber auch unseren externen Dienstleistern eingehalten werden, haben\nwir geeignete technische und organisatorische Sicherheitsma\u00dfnahmen getroffen. <\/p>\n\n\n\n<p>Stand: 05.05.2019<\/p>\n\n\n\n<p>Quelle: Muster-Datenschutzerkl\u00e4rung von JuraForum.de<\/p>\n","protected":false},"excerpt":{"rendered":"<p>Impressum Thorsten Beermann Zum Br\u00f6keland 4b D-48336 Sassenberg E-Mail: info[at]thorsten-beermann.com Verantwortlich f\u00fcr den Inhalt (gem. \u00a7 55 Abs. 2 RStV):Thorsten Beermann Datenschutz Die folgende Datenschutzerkl\u00e4rung gilt f\u00fcr die Seite Thorsten-Beermann.com. Der Blog &#8222;Workingman&#8217;s Death&#8220; nutzt die WordPress-Infrastruktur. Es gelten die &hellip; <a href=\"https:\/\/www.thorsten-beermann.com\/?page_id=791\">Weiterlesen <span class=\"meta-nav\">&rarr;<\/span><\/a><\/p>\n","protected":false},"author":1,"featured_media":0,"parent":0,"menu_order":0,"comment_status":"closed","ping_status":"closed","template":"full-width-page.php","meta":{"footnotes":""},"class_list":["post-791","page","type-page","status-publish","hentry"],"_links":{"self":[{"href":"https:\/\/www.thorsten-beermann.com\/index.php?rest_route=\/wp\/v2\/pages\/791","targetHints":{"allow":["GET"]}}],"collection":[{"href":"https:\/\/www.thorsten-beermann.com\/index.php?rest_route=\/wp\/v2\/pages"}],"about":[{"href":"https:\/\/www.thorsten-beermann.com\/index.php?rest_route=\/wp\/v2\/types\/page"}],"author":[{"embeddable":true,"href":"https:\/\/www.thorsten-beermann.com\/index.php?rest_route=\/wp\/v2\/users\/1"}],"replies":[{"embeddable":true,"href":"https:\/\/www.thorsten-beermann.com\/index.php?rest_route=%2Fwp%2Fv2%2Fcomments&post=791"}],"version-history":[{"count":8,"href":"https:\/\/www.thorsten-beermann.com\/index.php?rest_route=\/wp\/v2\/pages\/791\/revisions"}],"predecessor-version":[{"id":919,"href":"https:\/\/www.thorsten-beermann.com\/index.php?rest_route=\/wp\/v2\/pages\/791\/revisions\/919"}],"wp:attachment":[{"href":"https:\/\/www.thorsten-beermann.com\/index.php?rest_route=%2Fwp%2Fv2%2Fmedia&parent=791"}],"curies":[{"name":"wp","href":"https:\/\/api.w.org\/{rel}","templated":true}]}}