{"id":811,"date":"2019-05-18T11:04:34","date_gmt":"2019-05-18T11:04:34","guid":{"rendered":"http:\/\/thorsten-beermann.com\/?page_id=811"},"modified":"2019-05-19T07:40:12","modified_gmt":"2019-05-19T07:40:12","slug":"wissenschaftliche-veroeffentlichungen","status":"publish","type":"page","link":"https:\/\/www.thorsten-beermann.com\/?page_id=811","title":{"rendered":"Wissenschaftliche Ver\u00f6ffentlichungen"},"content":{"rendered":"\n<p>\u201cYabanci\u201d Bir \u00dclkede Mahkumiyet (Gefangen in einem \u201cfremden\u201d Land) in:<br> Perspektif, Jahrgang 20, Ausgabe 228, S. 32-33. (Februar 2013)<\/p>\n\n\n\n<p>Junge Muslime im deutschen Strafvollzug. Eine Untersuchung zu  ethnischen Minderheiten in Strafanstalten, Hamburg 2013. <\/p>\n\n\n\n<p>Junge Muslime im deutschen Strafvollzug. Besonderheiten im Ver-<br>halten von und im Umgang mit Insassen muslimischen Glaubens, aus   <br>muslimisch gepr\u00e4gten Familien oder muslimisch gepr\u00e4gten Herkunfts-  <br>l\u00e4ndern im deutschen Jugendstrafvollzug, M\u00fcnchen 2013. <\/p>\n\n\n\n<p>&nbsp;&nbsp;&nbsp;&nbsp;&nbsp;&nbsp;&nbsp;&nbsp;&nbsp;&nbsp;&nbsp;&nbsp;&nbsp;&nbsp;&nbsp;&nbsp;&nbsp;&nbsp;&nbsp;&nbsp;&nbsp;&nbsp; &nbsp;&nbsp;&nbsp;&nbsp;&nbsp;&nbsp;&nbsp;&nbsp;&nbsp;&nbsp;&nbsp;&nbsp;&nbsp;&nbsp;&nbsp;&nbsp;&nbsp;&nbsp;&nbsp;&nbsp;&nbsp;&nbsp;&nbsp;&nbsp;&nbsp;&nbsp;&nbsp;&nbsp;&nbsp;&nbsp;&nbsp;&nbsp;&nbsp;&nbsp;&nbsp;&nbsp;&nbsp;&nbsp;&nbsp;&nbsp;<\/p>\n","protected":false},"excerpt":{"rendered":"<p>\u201cYabanci\u201d Bir \u00dclkede Mahkumiyet (Gefangen in einem \u201cfremden\u201d Land) in: Perspektif, Jahrgang 20, Ausgabe 228, S. 32-33. (Februar 2013) Junge Muslime im deutschen Strafvollzug. Eine Untersuchung zu ethnischen Minderheiten in Strafanstalten, Hamburg 2013. Junge Muslime im deutschen Strafvollzug. Besonderheiten im &hellip; <a href=\"https:\/\/www.thorsten-beermann.com\/?page_id=811\">Weiterlesen <span class=\"meta-nav\">&rarr;<\/span><\/a><\/p>\n","protected":false},"author":1,"featured_media":755,"parent":0,"menu_order":0,"comment_status":"closed","ping_status":"closed","template":"full-width-page.php","meta":{"footnotes":""},"class_list":["post-811","page","type-page","status-publish","has-post-thumbnail","hentry"],"_links":{"self":[{"href":"https:\/\/www.thorsten-beermann.com\/index.php?rest_route=\/wp\/v2\/pages\/811","targetHints":{"allow":["GET"]}}],"collection":[{"href":"https:\/\/www.thorsten-beermann.com\/index.php?rest_route=\/wp\/v2\/pages"}],"about":[{"href":"https:\/\/www.thorsten-beermann.com\/index.php?rest_route=\/wp\/v2\/types\/page"}],"author":[{"embeddable":true,"href":"https:\/\/www.thorsten-beermann.com\/index.php?rest_route=\/wp\/v2\/users\/1"}],"replies":[{"embeddable":true,"href":"https:\/\/www.thorsten-beermann.com\/index.php?rest_route=%2Fwp%2Fv2%2Fcomments&post=811"}],"version-history":[{"count":2,"href":"https:\/\/www.thorsten-beermann.com\/index.php?rest_route=\/wp\/v2\/pages\/811\/revisions"}],"predecessor-version":[{"id":918,"href":"https:\/\/www.thorsten-beermann.com\/index.php?rest_route=\/wp\/v2\/pages\/811\/revisions\/918"}],"wp:featuredmedia":[{"embeddable":true,"href":"https:\/\/www.thorsten-beermann.com\/index.php?rest_route=\/wp\/v2\/media\/755"}],"wp:attachment":[{"href":"https:\/\/www.thorsten-beermann.com\/index.php?rest_route=%2Fwp%2Fv2%2Fmedia&parent=811"}],"curies":[{"name":"wp","href":"https:\/\/api.w.org\/{rel}","templated":true}]}}